{"id":5739,"date":"2025-08-04T12:09:37","date_gmt":"2025-08-04T10:09:37","guid":{"rendered":"https:\/\/tech.kouzay.com\/?post_type=product&#038;p=5739"},"modified":"2025-08-04T12:09:37","modified_gmt":"2025-08-04T10:09:37","slug":"chatgpt-plus-abonnement-premium-avec-reduction-code-txans","status":"publish","type":"product","link":"https:\/\/tech.kouzay.com\/index.php\/product\/chatgpt-plus-abonnement-premium-avec-reduction-code-txans\/","title":{"rendered":"ChatGPT Plus \u2013 Abonnement Premium avec R\u00e9duction (Code : TXANS)"},"content":{"rendered":"<p>Profitez de ChatGPT Plus \u00e0 prix avantageux\u00a0gr\u00e2ce \u00e0 notre partenariat avec Gamsgo !<\/p>\n<p>\ud83d\udd39\u00a0Acc\u00e8s prioritaire\u00a0\u00e0 GPT-4, m\u00eame en heure de pointe.<br \/>\n\ud83d\udd39\u00a0R\u00e9ponses plus rapides\u00a0et plus pr\u00e9cises.<br \/>\n\ud83d\udd39\u00a0Fonctionnalit\u00e9s \u00e9tendues\u00a0pour un boost de productivit\u00e9.<\/p>\n<p>\ud83d\ude80\u00a0Utilisez le code promo\u00a0&lt;span style=\u00a0\u00bbcolor: #FF5733;\u00a0\u00bb&gt;TXANS&lt;\/span&gt;\u00a0lors de votre achat pour b\u00e9n\u00e9ficier d\u2019un avantage exclusif.<\/p>\n<p>\ud83d\udc49\u00a0Pourquoi choisir notre offre ?<\/p>\n<p>Lien direct\u00a0vers l\u2019abonnement officiel ChatGPT Plus.<br \/>\nS\u00e9curis\u00e9 et fiable, via la plateforme Gamsgo.<br \/>\nSupport client\u00a0en cas de besoin.<br \/>\n\ud83d\udca1\u00a0Id\u00e9al pour\u00a0: Professionnels, d\u00e9veloppeurs, \u00e9tudiants et passionn\u00e9s d&rsquo;IA qui veulent exploiter tout le potentiel de ChatGPT sans limites.<\/p>\n<p>\ud83d\udccc\u00a0Comment faire ?<\/p>\n<p>Cliquez sur \u00ab\u00a0S&rsquo;abonner\u00a0\u00bb.<br \/>\nEntrez le code\u00a0TXANS\u00a0\u00e0 l\u2019\u00e9tape de paiement.<br \/>\nProfitez de ChatGPT Plus imm\u00e9diatement !<\/p>\n","protected":false},"excerpt":{"rendered":"<p>ChatGPT est un assistant IA multimodal d\u00e9velopp\u00e9 par OpenAI, bas\u00e9 sur le dernier mod\u00e8le GPT-4o. Il prend en charge les entr\u00e9es de texte, d&rsquo;images et d&rsquo;audio, offrant une exp\u00e9rience conversationnelle plus intelligente et plus efficace pour am\u00e9liorer l&rsquo;\u00e9criture, la cr\u00e9ativit\u00e9 et la productivit\u00e9.,L&rsquo;historique des discussions entre les comptes partag\u00e9s peut \u00eatre consult\u00e9 les uns par les autres<\/p>\n","protected":false},"featured_media":4397,"template":"","meta":{"content-type":"","_wp_convertkit_post_meta":{"form":"-1","landing_page":"","tag":"0","restrict_content":"0"}},"etheme_brands":[],"product_brand":[268],"product_cat":[267],"product_tag":[],"class_list":{"0":"post-5739","1":"product","2":"type-product","3":"status-publish","4":"has-post-thumbnail","6":"product_brand-gamsgo","7":"product_cat-ia","9":"first","10":"instock","11":"shipping-taxable","12":"product-type-external"},"jetpack_sharing_enabled":true,"_links":{"self":[{"href":"https:\/\/tech.kouzay.com\/index.php\/wp-json\/wp\/v2\/product\/5739","targetHints":{"allow":["GET"]}}],"collection":[{"href":"https:\/\/tech.kouzay.com\/index.php\/wp-json\/wp\/v2\/product"}],"about":[{"href":"https:\/\/tech.kouzay.com\/index.php\/wp-json\/wp\/v2\/types\/product"}],"wp:featuredmedia":[{"embeddable":true,"href":"https:\/\/tech.kouzay.com\/index.php\/wp-json\/wp\/v2\/media\/4397"}],"wp:attachment":[{"href":"https:\/\/tech.kouzay.com\/index.php\/wp-json\/wp\/v2\/media?parent=5739"}],"wp:term":[{"taxonomy":"brand","embeddable":true,"href":"https:\/\/tech.kouzay.com\/index.php\/wp-json\/wp\/v2\/etheme_brands?post=5739"},{"taxonomy":"product_brand","embeddable":true,"href":"https:\/\/tech.kouzay.com\/index.php\/wp-json\/wp\/v2\/product_brand?post=5739"},{"taxonomy":"product_cat","embeddable":true,"href":"https:\/\/tech.kouzay.com\/index.php\/wp-json\/wp\/v2\/product_cat?post=5739"},{"taxonomy":"product_tag","embeddable":true,"href":"https:\/\/tech.kouzay.com\/index.php\/wp-json\/wp\/v2\/product_tag?post=5739"}],"curies":[{"name":"wp","href":"https:\/\/api.w.org\/{rel}","templated":true}]}}