{"id":5733,"date":"2025-07-28T14:59:02","date_gmt":"2025-07-28T12:59:02","guid":{"rendered":"https:\/\/tech.kouzay.com\/?post_type=product&#038;p=5733"},"modified":"2025-08-07T18:16:19","modified_gmt":"2025-08-07T16:16:19","slug":"steam-gift-card-50e-steam","status":"publish","type":"product","link":"https:\/\/tech.kouzay.com\/index.php\/product\/steam-gift-card-50e-steam\/","title":{"rendered":"Steam Gift Card 50\u20ac (Steam)"},"content":{"rendered":"<p>Les cartes cadeaux et les codes de portemonnaie Steam fonctionnent comme des bons d&rsquo;achat pouvant \u00eatre utilis\u00e9s sur Steam pour l&rsquo;achat de jeux, de logiciels et tout autre article que vous pouvez acheter sur Steam.<\/p>\n<p>&#8211; Acc\u00e8s instantan\u00e9 \u00e0 des milliers de jeux. Profitez d&rsquo;offres exclusives, sauvegarde dans le cloud, de mises \u00e0 jour automatiques et d&rsquo;autres avantages importants.<br \/>\n&#8211; Cr\u00e9ez et partagez du contenu. Offrez \u00e0 vos amis, \u00e9changez des objets et m\u00eame cr\u00e9ez du nouveau contenu pour les jeux dans le Steam Workshop. Aidez \u00e0 fa\u00e7onner l&rsquo;avenir de vos jeux pr\u00e9f\u00e9r\u00e9s.<br \/>\n&#8211; Joignez-vous \u00e0 la communaut\u00e9. Rencontrez de nouvelles personnes, rejoignez des groupes de jeu, formez des clans, discutez en jeu et plus encore! Avec plus de 100 millions d&rsquo;amis (ou d&rsquo;ennemis) potentiels, le plaisir ne s&rsquo;arr\u00eate jamais.<br \/>\n&#8211; Divertissement n&rsquo;importe o\u00f9. Que vous soyez sur PC, Mac, Linux box, appareil mobile ou m\u00eame votre t\u00e9l\u00e9viseur, vous pouvez profiter des avantages de Steam. Prennez le fun avec vous !<\/p>\n","protected":false},"excerpt":{"rendered":"<p>Les cartes cadeaux et les codes de portemonnaie Steam fonctionnent comme des bons d&rsquo;achat pouvant \u00eatre utilis\u00e9s sur Steam pour l&rsquo;achat de jeux, de logiciels et tout autre article que vous pouvez acheter sur Steam. &#8211; Acc\u00e8s instantan\u00e9 \u00e0 des milliers de jeux. Profitez d&rsquo;offres exclusives, sauvegarde dans le cloud, de mises \u00e0 jour automatiques et d&rsquo;autres avantages importants. &#8211; Cr\u00e9ez et partagez du contenu. Offrez \u00e0 vos amis, \u00e9changez des objets et m\u00eame<\/p>\n","protected":false},"featured_media":5725,"template":"","meta":{"content-type":"","_wp_convertkit_post_meta":{"form":"-1","landing_page":"","tag":"0","restrict_content":"0"}},"etheme_brands":[],"product_brand":[261],"product_cat":[264,262,263],"product_tag":[265,266],"class_list":{"0":"post-5733","1":"product","2":"type-product","3":"status-publish","4":"has-post-thumbnail","6":"product_brand-instant-gaming","7":"product_cat-cartes-steam","8":"product_cat-instant-gaming","9":"product_cat-steam","10":"product_tag-instant-gaming","11":"product_tag-steam","13":"first","14":"instock","15":"sale","16":"shipping-taxable","17":"product-type-external"},"jetpack_sharing_enabled":true,"_links":{"self":[{"href":"https:\/\/tech.kouzay.com\/index.php\/wp-json\/wp\/v2\/product\/5733","targetHints":{"allow":["GET"]}}],"collection":[{"href":"https:\/\/tech.kouzay.com\/index.php\/wp-json\/wp\/v2\/product"}],"about":[{"href":"https:\/\/tech.kouzay.com\/index.php\/wp-json\/wp\/v2\/types\/product"}],"wp:featuredmedia":[{"embeddable":true,"href":"https:\/\/tech.kouzay.com\/index.php\/wp-json\/wp\/v2\/media\/5725"}],"wp:attachment":[{"href":"https:\/\/tech.kouzay.com\/index.php\/wp-json\/wp\/v2\/media?parent=5733"}],"wp:term":[{"taxonomy":"brand","embeddable":true,"href":"https:\/\/tech.kouzay.com\/index.php\/wp-json\/wp\/v2\/etheme_brands?post=5733"},{"taxonomy":"product_brand","embeddable":true,"href":"https:\/\/tech.kouzay.com\/index.php\/wp-json\/wp\/v2\/product_brand?post=5733"},{"taxonomy":"product_cat","embeddable":true,"href":"https:\/\/tech.kouzay.com\/index.php\/wp-json\/wp\/v2\/product_cat?post=5733"},{"taxonomy":"product_tag","embeddable":true,"href":"https:\/\/tech.kouzay.com\/index.php\/wp-json\/wp\/v2\/product_tag?post=5733"}],"curies":[{"name":"wp","href":"https:\/\/api.w.org\/{rel}","templated":true}]}}