{"id":4314,"date":"2025-04-14T16:46:12","date_gmt":"2025-04-14T14:46:12","guid":{"rendered":"https:\/\/tech.kouzay.com\/?page_id=4314"},"modified":"2025-04-14T16:46:16","modified_gmt":"2025-04-14T14:46:16","slug":"etudier-a-letranger-programmes-erasmus","status":"publish","type":"page","link":"https:\/\/tech.kouzay.com\/index.php\/etudier-a-letranger-programmes-erasmus\/","title":{"rendered":"\u00c9tudier \u00e0 l&rsquo;\u00e9tranger : \u00ab\u00a0Programmes Erasmus+\u00a0\u00bb"},"content":{"rendered":"","protected":false},"excerpt":{"rendered":"","protected":false},"author":2,"featured_media":0,"parent":0,"menu_order":0,"comment_status":"closed","ping_status":"closed","template":"","meta":{"content-type":"","_wp_convertkit_post_meta":{"form":"-1","landing_page":"0","tag":"0","restrict_content":"0"},"footnotes":""},"class_list":["post-4314","page","type-page","status-publish","hentry"],"jetpack_sharing_enabled":true,"_links":{"self":[{"href":"https:\/\/tech.kouzay.com\/index.php\/wp-json\/wp\/v2\/pages\/4314","targetHints":{"allow":["GET"]}}],"collection":[{"href":"https:\/\/tech.kouzay.com\/index.php\/wp-json\/wp\/v2\/pages"}],"about":[{"href":"https:\/\/tech.kouzay.com\/index.php\/wp-json\/wp\/v2\/types\/page"}],"author":[{"embeddable":true,"href":"https:\/\/tech.kouzay.com\/index.php\/wp-json\/wp\/v2\/users\/2"}],"replies":[{"embeddable":true,"href":"https:\/\/tech.kouzay.com\/index.php\/wp-json\/wp\/v2\/comments?post=4314"}],"version-history":[{"count":2,"href":"https:\/\/tech.kouzay.com\/index.php\/wp-json\/wp\/v2\/pages\/4314\/revisions"}],"predecessor-version":[{"id":4317,"href":"https:\/\/tech.kouzay.com\/index.php\/wp-json\/wp\/v2\/pages\/4314\/revisions\/4317"}],"wp:attachment":[{"href":"https:\/\/tech.kouzay.com\/index.php\/wp-json\/wp\/v2\/media?parent=4314"}],"curies":[{"name":"wp","href":"https:\/\/api.w.org\/{rel}","templated":true}]}}